{"id":236895,"date":"2024-05-29T17:27:33","date_gmt":"2024-05-29T15:27:33","guid":{"rendered":"https:\/\/berneyassocies.com\/?page_id=236895"},"modified":"2025-10-10T14:53:40","modified_gmt":"2025-10-10T12:53:40","slug":"credentials","status":"publish","type":"page","link":"https:\/\/berneyassocies.com\/en\/credentials\/","title":{"rendered":"Credentials"},"content":{"rendered":"<p>[et_pb_section fb_built=\u00a0\u00bb1&Prime; _builder_version=\u00a0\u00bb4.23.4&Prime; _module_preset=\u00a0\u00bbdefault\u00a0\u00bb background_color=\u00a0\u00bb#002856&Prime; custom_margin=\u00a0\u00bb0px||0px||true|false\u00a0\u00bb custom_padding=\u00a0\u00bb1rem||0rem||false|false\u00a0\u00bb locked=\u00a0\u00bboff\u00a0\u00bb global_colors_info=\u00a0\u00bb{}\u00a0\u00bb da_is_popup=\u00a0\u00bboff\u00a0\u00bb da_exit_intent=\u00a0\u00bboff\u00a0\u00bb da_has_close=\u00a0\u00bbon\u00a0\u00bb da_alt_close=\u00a0\u00bboff\u00a0\u00bb da_dark_close=\u00a0\u00bboff\u00a0\u00bb da_not_modal=\u00a0\u00bbon\u00a0\u00bb da_is_singular=\u00a0\u00bboff\u00a0\u00bb da_with_loader=\u00a0\u00bboff\u00a0\u00bb da_has_shadow=\u00a0\u00bbon\u00a0\u00bb da_disable_devices=\u00a0\u00bboff|off|off\u00a0\u00bb][et_pb_row column_structure=\u00a0\u00bb1_2,1_2&Prime; use_custom_gutter=\u00a0\u00bbon\u00a0\u00bb gutter_width=\u00a0\u00bb1&Prime; _builder_version=\u00a0\u00bb4.23.4&Prime; _module_preset=\u00a0\u00bbdefault\u00a0\u00bb height=\u00a0\u00bb20rem\u00a0\u00bb global_colors_info=\u00a0\u00bb{}\u00a0\u00bb][et_pb_column type=\u00a0\u00bb1_2&Prime; _builder_version=\u00a0\u00bb4.23.4&Prime; _module_preset=\u00a0\u00bbdefault\u00a0\u00bb global_colors_info=\u00a0\u00bb{}\u00a0\u00bb][et_pb_text _builder_version=\u00a0\u00bb4.25.1&Prime; _module_preset=\u00a0\u00bbdefault\u00a0\u00bb header_text_color=\u00a0\u00bbgcid-8e43273b-69bc-45d5-a817-07da9f1ce23e\u00a0\u00bb header_font_size=\u00a0\u00bb60px\u00a0\u00bb header_2_text_color=\u00a0\u00bbgcid-8e43273b-69bc-45d5-a817-07da9f1ce23e\u00a0\u00bb custom_margin=\u00a0\u00bb||||false|false\u00a0\u00bb custom_margin_tablet=\u00a0\u00bb||||false|false\u00a0\u00bb custom_margin_phone=\u00a0\u00bb||20px||false|false\u00a0\u00bb custom_margin_last_edited=\u00a0\u00bbon|phone\u00a0\u00bb header_font_size_tablet=\u00a0\u00bb60px\u00a0\u00bb header_font_size_phone=\u00a0\u00bb40px\u00a0\u00bb header_font_size_last_edited=\u00a0\u00bbon|tablet\u00a0\u00bb global_colors_info=\u00a0\u00bb{%22gcid-8bface55-508e-4178-9fc4-7ba6f4a73326%22:%91%22text_text_color%22,%22text_text_color%22,%22text_text_color%22,%22text_text_color%22,%22text_text_color%22,%22text_text_color%22%93,%22gcid-8e43273b-69bc-45d5-a817-07da9f1ce23e%22:%91%22header_text_color%22,%22header_2_text_color%22%93}\u00a0\u00bb]<\/p>\n<h1>Nos r\u00e9f\u00e9rences <\/h1>\n<h2>(credentials)<\/h2>\n<p>[\/et_pb_text][\/et_pb_column][et_pb_column type=\u00a0\u00bb1_2&Prime; _builder_version=\u00a0\u00bb4.23.4&Prime; _module_preset=\u00a0\u00bbdefault\u00a0\u00bb global_colors_info=\u00a0\u00bb{}\u00a0\u00bb][et_pb_image src=\u00a0\u00bbhttps:\/\/berneyassocies.com\/wp-content\/uploads\/2024\/05\/berney-associes-fiduciaire-suisse-romande-a-propos-equipe.png\u00a0\u00bb title_text=\u00a0\u00bbberney-associes-fiduciaire-suisse-romande-a-propos-equipe\u00a0\u00bb force_fullwidth=\u00a0\u00bbon\u00a0\u00bb _builder_version=\u00a0\u00bb4.25.1&Prime; _module_preset=\u00a0\u00bbdefault\u00a0\u00bb transform_translate_linked=\u00a0\u00bboff\u00a0\u00bb position_origin_a=\u00a0\u00bbtop_center\u00a0\u00bb vertical_offset=\u00a0\u00bb220px\u00a0\u00bb z_index=\u00a0\u00bb10&Prime; global_colors_info=\u00a0\u00bb{}\u00a0\u00bb][\/et_pb_image][\/et_pb_column][\/et_pb_row][\/et_pb_section][et_pb_section fb_built=\u00a0\u00bb1&Prime; _builder_version=\u00a0\u00bb4.25.1&Prime; _module_preset=\u00a0\u00bbdefault\u00a0\u00bb custom_padding=\u00a0\u00bb10vw||||false|false\u00a0\u00bb locked=\u00a0\u00bboff\u00a0\u00bb global_colors_info=\u00a0\u00bb{}\u00a0\u00bb da_is_popup=\u00a0\u00bboff\u00a0\u00bb da_exit_intent=\u00a0\u00bboff\u00a0\u00bb da_has_close=\u00a0\u00bbon\u00a0\u00bb da_alt_close=\u00a0\u00bboff\u00a0\u00bb da_dark_close=\u00a0\u00bboff\u00a0\u00bb da_not_modal=\u00a0\u00bbon\u00a0\u00bb da_is_singular=\u00a0\u00bboff\u00a0\u00bb da_with_loader=\u00a0\u00bboff\u00a0\u00bb da_has_shadow=\u00a0\u00bbon\u00a0\u00bb da_disable_devices=\u00a0\u00bboff|off|off\u00a0\u00bb][et_pb_row _builder_version=\u00a0\u00bb4.25.1&Prime; _module_preset=\u00a0\u00bbdefault\u00a0\u00bb custom_margin=\u00a0\u00bb0px||0px||false|false\u00a0\u00bb custom_padding=\u00a0\u00bb0px||0px||false|false\u00a0\u00bb global_colors_info=\u00a0\u00bb{}\u00a0\u00bb][et_pb_column type=\u00a0\u00bb4_4&Prime; _builder_version=\u00a0\u00bb4.23.4&Prime; _module_preset=\u00a0\u00bbdefault\u00a0\u00bb global_colors_info=\u00a0\u00bb{}\u00a0\u00bb][et_pb_text _builder_version=\u00a0\u00bb4.25.1&Prime; _module_preset=\u00a0\u00bb825f0f09-8169-4439-9f2c-9b9e28f259c0&Prime; header_2_text_color=\u00a0\u00bb#002856&Prime; header_2_font_size=\u00a0\u00bb50px\u00a0\u00bb width=\u00a0\u00bb70%\u00a0\u00bb width_tablet=\u00a0\u00bb100%\u00a0\u00bb width_phone=\u00a0\u00bb100%\u00a0\u00bb width_last_edited=\u00a0\u00bbon|tablet\u00a0\u00bb custom_margin=\u00a0\u00bb||20px||false|false\u00a0\u00bb custom_margin_tablet=\u00a0\u00bb50px||||false|false\u00a0\u00bb custom_margin_phone=\u00a0\u00bb||||false|false\u00a0\u00bb custom_margin_last_edited=\u00a0\u00bbon|desktop\u00a0\u00bb global_colors_info=\u00a0\u00bb{}\u00a0\u00bb]<\/p>\n<h2>Une s\u00e9lection de nos transactions r\u00e9centes r\u00e9alis\u00e9es avec succ\u00e8s<\/h2>\n<p>[\/et_pb_text][\/et_pb_column][\/et_pb_row][et_pb_row _builder_version=\u00a0\u00bb4.25.1&Prime; _module_preset=\u00a0\u00bbdefault\u00a0\u00bb global_colors_info=\u00a0\u00bb{}\u00a0\u00bb][et_pb_column type=\u00a0\u00bb4_4&Prime; _builder_version=\u00a0\u00bb4.25.1&Prime; _module_preset=\u00a0\u00bbdefault\u00a0\u00bb global_colors_info=\u00a0\u00bb{}\u00a0\u00bb][et_pb_de_mach_archive_loop post_type_choose=\u00a0\u00bbcredential\u00a0\u00bb loop_layout=\u00a0\u00bb236714&Prime; posts_number=\u00a0\u00bb20&Prime; order_asc_desc=\u00a0\u00bbDESC\u00a0\u00bb enable_loadmore=\u00a0\u00bbon\u00a0\u00bb loadmore_text=\u00a0\u00bbVoir plus\u00a0\u00bb custom_gutter_width=\u00a0\u00bbon\u00a0\u00bb gutter_row_column=\u00a0\u00bb2vw\u00a0\u00bb module_class=\u00a0\u00bbarchive_credentials_grid\u00a0\u00bb _builder_version=\u00a0\u00bb4.25.1&Prime; _module_preset=\u00a0\u00bbdefault\u00a0\u00bb hover_enabled=\u00a0\u00bb0&Prime; global_colors_info=\u00a0\u00bb{}\u00a0\u00bb sticky_enabled=\u00a0\u00bb0&Prime;][\/et_pb_de_mach_archive_loop][\/et_pb_column][\/et_pb_row][\/et_pb_section]<\/p>\n","protected":false},"excerpt":{"rendered":"<p>Nos r\u00e9f\u00e9rences (credentials)Une s\u00e9lection de nos transactions r\u00e9centes r\u00e9alis\u00e9es avec succ\u00e8s<\/p>","protected":false},"author":2,"featured_media":235112,"parent":0,"menu_order":0,"comment_status":"closed","ping_status":"closed","template":"","meta":{"_acf_changed":false,"_et_pb_use_builder":"on","_et_pb_old_content":"","_et_gb_content_width":"","inline_featured_image":false,"footnotes":"","_links_to":"","_links_to_target":""},"class_list":["post-236895","page","type-page","status-publish","format-standard","has-post-thumbnail","hentry"],"acf":[],"yoast_head":"<!-- This site is optimized with the Yoast SEO plugin v27.4 - https:\/\/yoast.com\/product\/yoast-seo-wordpress\/ -->\n<title>Credentials - Berney Associ\u00e9s SA<\/title>\n<meta name=\"description\" content=\"Une s\u00e9lection de nos transactions r\u00e9centes r\u00e9alis\u00e9es avec succ\u00e8s. Berney Associ\u00e9s, votre fiduciaire en Suisse romande.\" \/>\n<meta name=\"robots\" content=\"noindex, nofollow\" \/>\n<meta property=\"og:locale\" content=\"en_GB\" \/>\n<meta property=\"og:type\" content=\"article\" \/>\n<meta property=\"og:title\" content=\"Credentials - Berney Associ\u00e9s SA\" \/>\n<meta property=\"og:description\" content=\"Une s\u00e9lection de nos transactions r\u00e9centes r\u00e9alis\u00e9es avec succ\u00e8s. Berney Associ\u00e9s, votre fiduciaire en Suisse romande.\" \/>\n<meta property=\"og:url\" content=\"https:\/\/berneyassocies.com\/en\/wp-json\/wp\/v2\/pages\/236895\" \/>\n<meta property=\"og:site_name\" content=\"Berney Associ\u00e9s SA\" \/>\n<meta property=\"article:modified_time\" content=\"2025-10-10T12:53:40+00:00\" \/>\n<meta property=\"og:image\" content=\"https:\/\/berneyassocies.com\/wp-content\/uploads\/2024\/05\/berney-associes-fiduciaire-suisse-romande-a-propos-equipe.png\" \/>\n\t<meta property=\"og:image:width\" content=\"802\" \/>\n\t<meta property=\"og:image:height\" content=\"481\" \/>\n\t<meta property=\"og:image:type\" content=\"image\/png\" \/>\n<meta name=\"twitter:card\" content=\"summary_large_image\" \/>\n<meta name=\"twitter:label1\" content=\"Estimated reading time\" \/>\n\t<meta name=\"twitter:data1\" content=\"9 minutes\" \/>\n<script type=\"application\/ld+json\" class=\"yoast-schema-graph\">{\"@context\":\"https:\\\/\\\/schema.org\",\"@graph\":[{\"@type\":\"WebPage\",\"@id\":\"https:\\\/\\\/berneyassocies.com\\\/credentials\\\/\",\"url\":\"https:\\\/\\\/berneyassocies.com\\\/credentials\\\/\",\"name\":\"Credentials - Berney Associ\u00e9s SA\",\"isPartOf\":{\"@id\":\"https:\\\/\\\/berneyassocies.com\\\/#website\"},\"primaryImageOfPage\":{\"@id\":\"https:\\\/\\\/berneyassocies.com\\\/credentials\\\/#primaryimage\"},\"image\":{\"@id\":\"https:\\\/\\\/berneyassocies.com\\\/credentials\\\/#primaryimage\"},\"thumbnailUrl\":\"https:\\\/\\\/berneyassocies.com\\\/wp-content\\\/uploads\\\/2024\\\/05\\\/berney-associes-fiduciaire-suisse-romande-a-propos-equipe.png\",\"datePublished\":\"2024-05-29T15:27:33+00:00\",\"dateModified\":\"2025-10-10T12:53:40+00:00\",\"description\":\"Une s\u00e9lection de nos transactions r\u00e9centes r\u00e9alis\u00e9es avec succ\u00e8s. Berney Associ\u00e9s, votre fiduciaire en Suisse romande.\",\"inLanguage\":\"en-GB\",\"potentialAction\":[{\"@type\":\"ReadAction\",\"target\":[\"https:\\\/\\\/berneyassocies.com\\\/credentials\\\/\"]}]},{\"@type\":\"ImageObject\",\"inLanguage\":\"en-GB\",\"@id\":\"https:\\\/\\\/berneyassocies.com\\\/credentials\\\/#primaryimage\",\"url\":\"https:\\\/\\\/berneyassocies.com\\\/wp-content\\\/uploads\\\/2024\\\/05\\\/berney-associes-fiduciaire-suisse-romande-a-propos-equipe.png\",\"contentUrl\":\"https:\\\/\\\/berneyassocies.com\\\/wp-content\\\/uploads\\\/2024\\\/05\\\/berney-associes-fiduciaire-suisse-romande-a-propos-equipe.png\",\"width\":802,\"height\":481},{\"@type\":\"WebSite\",\"@id\":\"https:\\\/\\\/berneyassocies.com\\\/#website\",\"url\":\"https:\\\/\\\/berneyassocies.com\\\/\",\"name\":\"Berney Associ\u00e9s SA\",\"description\":\"Votre fiduciaire en Suisse romande\",\"publisher\":{\"@id\":\"https:\\\/\\\/berneyassocies.com\\\/#organization\"},\"alternateName\":\"Votre fiduciaire en Suisse romande\",\"potentialAction\":[{\"@type\":\"SearchAction\",\"target\":{\"@type\":\"EntryPoint\",\"urlTemplate\":\"https:\\\/\\\/berneyassocies.com\\\/?s={search_term_string}\"},\"query-input\":{\"@type\":\"PropertyValueSpecification\",\"valueRequired\":true,\"valueName\":\"search_term_string\"}}],\"inLanguage\":\"en-GB\"},{\"@type\":\"Organization\",\"@id\":\"https:\\\/\\\/berneyassocies.com\\\/#organization\",\"name\":\"Berney Associ\u00e9s SA\",\"alternateName\":\"Votre fiduciaire en Suisse romande\",\"url\":\"https:\\\/\\\/berneyassocies.com\\\/\",\"logo\":{\"@type\":\"ImageObject\",\"inLanguage\":\"en-GB\",\"@id\":\"https:\\\/\\\/berneyassocies.com\\\/#\\\/schema\\\/logo\\\/image\\\/\",\"url\":\"https:\\\/\\\/berneyassocies.com\\\/wp-content\\\/uploads\\\/2025\\\/05\\\/Berney-Associes-Votre-Fiduciaire-en-Suisse-Romande.png\",\"contentUrl\":\"https:\\\/\\\/berneyassocies.com\\\/wp-content\\\/uploads\\\/2025\\\/05\\\/Berney-Associes-Votre-Fiduciaire-en-Suisse-Romande.png\",\"width\":1200,\"height\":628,\"caption\":\"Berney Associ\u00e9s SA\"},\"image\":{\"@id\":\"https:\\\/\\\/berneyassocies.com\\\/#\\\/schema\\\/logo\\\/image\\\/\"},\"sameAs\":[\"https:\\\/\\\/www.linkedin.com\\\/company\\\/berney-associ-s\\\/?originalSubdomain=fr\",\"https:\\\/\\\/www.instagram.com\\\/berneyassocies\\\/\",\"https:\\\/\\\/www.youtube.com\\\/channel\\\/UCRPy3E8GsTbCeg0qWpCmkpw\"]}]}<\/script>\n<!-- \/ Yoast SEO plugin. -->","yoast_head_json":{"title":"Credentials - Berney Associ\u00e9s SA","description":"Une s\u00e9lection de nos transactions r\u00e9centes r\u00e9alis\u00e9es avec succ\u00e8s. Berney Associ\u00e9s, votre fiduciaire en Suisse romande.","robots":{"index":"noindex","follow":"nofollow"},"og_locale":"en_GB","og_type":"article","og_title":"Credentials - Berney Associ\u00e9s SA","og_description":"Une s\u00e9lection de nos transactions r\u00e9centes r\u00e9alis\u00e9es avec succ\u00e8s. Berney Associ\u00e9s, votre fiduciaire en Suisse romande.","og_url":"https:\/\/berneyassocies.com\/en\/wp-json\/wp\/v2\/pages\/236895","og_site_name":"Berney Associ\u00e9s SA","article_modified_time":"2025-10-10T12:53:40+00:00","og_image":[{"width":802,"height":481,"url":"https:\/\/berneyassocies.com\/wp-content\/uploads\/2024\/05\/berney-associes-fiduciaire-suisse-romande-a-propos-equipe.png","type":"image\/png"}],"twitter_card":"summary_large_image","twitter_misc":{"Estimated reading time":"9 minutes"},"schema":{"@context":"https:\/\/schema.org","@graph":[{"@type":"WebPage","@id":"https:\/\/berneyassocies.com\/credentials\/","url":"https:\/\/berneyassocies.com\/credentials\/","name":"Credentials - Berney Associ\u00e9s SA","isPartOf":{"@id":"https:\/\/berneyassocies.com\/#website"},"primaryImageOfPage":{"@id":"https:\/\/berneyassocies.com\/credentials\/#primaryimage"},"image":{"@id":"https:\/\/berneyassocies.com\/credentials\/#primaryimage"},"thumbnailUrl":"https:\/\/berneyassocies.com\/wp-content\/uploads\/2024\/05\/berney-associes-fiduciaire-suisse-romande-a-propos-equipe.png","datePublished":"2024-05-29T15:27:33+00:00","dateModified":"2025-10-10T12:53:40+00:00","description":"Une s\u00e9lection de nos transactions r\u00e9centes r\u00e9alis\u00e9es avec succ\u00e8s. Berney Associ\u00e9s, votre fiduciaire en Suisse romande.","inLanguage":"en-GB","potentialAction":[{"@type":"ReadAction","target":["https:\/\/berneyassocies.com\/credentials\/"]}]},{"@type":"ImageObject","inLanguage":"en-GB","@id":"https:\/\/berneyassocies.com\/credentials\/#primaryimage","url":"https:\/\/berneyassocies.com\/wp-content\/uploads\/2024\/05\/berney-associes-fiduciaire-suisse-romande-a-propos-equipe.png","contentUrl":"https:\/\/berneyassocies.com\/wp-content\/uploads\/2024\/05\/berney-associes-fiduciaire-suisse-romande-a-propos-equipe.png","width":802,"height":481},{"@type":"WebSite","@id":"https:\/\/berneyassocies.com\/#website","url":"https:\/\/berneyassocies.com\/","name":"Berney Associ\u00e9s SA","description":"Your trust company in French-speaking Switzerland","publisher":{"@id":"https:\/\/berneyassocies.com\/#organization"},"alternateName":"Votre fiduciaire en Suisse romande","potentialAction":[{"@type":"SearchAction","target":{"@type":"EntryPoint","urlTemplate":"https:\/\/berneyassocies.com\/?s={search_term_string}"},"query-input":{"@type":"PropertyValueSpecification","valueRequired":true,"valueName":"search_term_string"}}],"inLanguage":"en-GB"},{"@type":"Organization","@id":"https:\/\/berneyassocies.com\/#organization","name":"Berney Associ\u00e9s SA","alternateName":"Votre fiduciaire en Suisse romande","url":"https:\/\/berneyassocies.com\/","logo":{"@type":"ImageObject","inLanguage":"en-GB","@id":"https:\/\/berneyassocies.com\/#\/schema\/logo\/image\/","url":"https:\/\/berneyassocies.com\/wp-content\/uploads\/2025\/05\/Berney-Associes-Votre-Fiduciaire-en-Suisse-Romande.png","contentUrl":"https:\/\/berneyassocies.com\/wp-content\/uploads\/2025\/05\/Berney-Associes-Votre-Fiduciaire-en-Suisse-Romande.png","width":1200,"height":628,"caption":"Berney Associ\u00e9s SA"},"image":{"@id":"https:\/\/berneyassocies.com\/#\/schema\/logo\/image\/"},"sameAs":["https:\/\/www.linkedin.com\/company\/berney-associ-s\/?originalSubdomain=fr","https:\/\/www.instagram.com\/berneyassocies\/","https:\/\/www.youtube.com\/channel\/UCRPy3E8GsTbCeg0qWpCmkpw"]}]}},"_links":{"self":[{"href":"https:\/\/berneyassocies.com\/en\/wp-json\/wp\/v2\/pages\/236895","targetHints":{"allow":["GET"]}}],"collection":[{"href":"https:\/\/berneyassocies.com\/en\/wp-json\/wp\/v2\/pages"}],"about":[{"href":"https:\/\/berneyassocies.com\/en\/wp-json\/wp\/v2\/types\/page"}],"author":[{"embeddable":true,"href":"https:\/\/berneyassocies.com\/en\/wp-json\/wp\/v2\/users\/2"}],"replies":[{"embeddable":true,"href":"https:\/\/berneyassocies.com\/en\/wp-json\/wp\/v2\/comments?post=236895"}],"version-history":[{"count":7,"href":"https:\/\/berneyassocies.com\/en\/wp-json\/wp\/v2\/pages\/236895\/revisions"}],"predecessor-version":[{"id":242604,"href":"https:\/\/berneyassocies.com\/en\/wp-json\/wp\/v2\/pages\/236895\/revisions\/242604"}],"wp:featuredmedia":[{"embeddable":true,"href":"https:\/\/berneyassocies.com\/en\/wp-json\/wp\/v2\/media\/235112"}],"wp:attachment":[{"href":"https:\/\/berneyassocies.com\/en\/wp-json\/wp\/v2\/media?parent=236895"}],"curies":[{"name":"wp","href":"https:\/\/api.w.org\/{rel}","templated":true}]}}