{"id":237145,"date":"2024-06-05T17:15:43","date_gmt":"2024-06-05T15:15:43","guid":{"rendered":"https:\/\/berneyassocies.com\/?page_id=237145"},"modified":"2025-10-08T14:57:21","modified_gmt":"2025-10-08T12:57:21","slug":"legal-information","status":"publish","type":"page","link":"https:\/\/berneyassocies.com\/en\/mentions-legales\/","title":{"rendered":"Legal information"},"content":{"rendered":"<p>[et_pb_section fb_built=\u00a0\u00bb1&Prime; _builder_version=\u00a0\u00bb4.25.1&Prime; _module_preset=\u00a0\u00bbdefault\u00a0\u00bb background_color=\u00a0\u00bb#002856&Prime; module_alignment=\u00a0\u00bbcenter\u00a0\u00bb da_disable_devices=\u00a0\u00bboff|off|off\u00a0\u00bb global_colors_info=\u00a0\u00bb{}\u00a0\u00bb da_is_popup=\u00a0\u00bboff\u00a0\u00bb da_exit_intent=\u00a0\u00bboff\u00a0\u00bb da_has_close=\u00a0\u00bbon\u00a0\u00bb da_alt_close=\u00a0\u00bboff\u00a0\u00bb da_dark_close=\u00a0\u00bboff\u00a0\u00bb da_not_modal=\u00a0\u00bbon\u00a0\u00bb da_is_singular=\u00a0\u00bboff\u00a0\u00bb da_with_loader=\u00a0\u00bboff\u00a0\u00bb da_has_shadow=\u00a0\u00bbon\u00a0\u00bb][et_pb_row _builder_version=\u00a0\u00bb4.25.1&Prime; _module_preset=\u00a0\u00bbdefault\u00a0\u00bb global_colors_info=\u00a0\u00bb{}\u00a0\u00bb][et_pb_column type=\u00a0\u00bb4_4&Prime; _builder_version=\u00a0\u00bb4.25.1&Prime; _module_preset=\u00a0\u00bbdefault\u00a0\u00bb global_colors_info=\u00a0\u00bb{}\u00a0\u00bb][et_pb_text _builder_version=\u00a0\u00bb4.25.1&Prime; _dynamic_attributes=\u00a0\u00bbcontent\u00a0\u00bb _module_preset=\u00a0\u00bbdefault\u00a0\u00bb text_font=\u00a0\u00bbTheW NYC Regular||||||||\u00a0\u00bb text_text_color=\u00a0\u00bbgcid-8e43273b-69bc-45d5-a817-07da9f1ce23e\u00a0\u00bb text_font_size=\u00a0\u00bb50px\u00a0\u00bb text_font_size_tablet=\u00a0\u00bb40px\u00a0\u00bb text_font_size_phone=\u00a0\u00bb30px\u00a0\u00bb text_font_size_last_edited=\u00a0\u00bbon|desktop\u00a0\u00bb global_colors_info=\u00a0\u00bb{%22gcid-8e43273b-69bc-45d5-a817-07da9f1ce23e%22:%91%22text_text_color%22%93}\u00a0\u00bb]@ET-DC@eyJkeW5hbWljIjp0cnVlLCJjb250ZW50IjoicG9zdF90aXRsZSIsInNldHRpbmdzIjp7ImJlZm9yZSI6IiIsImFmdGVyIjoiIn19@[\/et_pb_text][\/et_pb_column][\/et_pb_row][\/et_pb_section][et_pb_section fb_built=\u00a0\u00bb1&Prime; _builder_version=\u00a0\u00bb4.25.1&Prime; _module_preset=\u00a0\u00bbdefault\u00a0\u00bb background_enable_color=\u00a0\u00bboff\u00a0\u00bb module_alignment=\u00a0\u00bbcenter\u00a0\u00bb da_disable_devices=\u00a0\u00bboff|off|off\u00a0\u00bb global_colors_info=\u00a0\u00bb{}\u00a0\u00bb da_is_popup=\u00a0\u00bboff\u00a0\u00bb da_exit_intent=\u00a0\u00bboff\u00a0\u00bb da_has_close=\u00a0\u00bbon\u00a0\u00bb da_alt_close=\u00a0\u00bboff\u00a0\u00bb da_dark_close=\u00a0\u00bboff\u00a0\u00bb da_not_modal=\u00a0\u00bbon\u00a0\u00bb da_is_singular=\u00a0\u00bboff\u00a0\u00bb da_with_loader=\u00a0\u00bboff\u00a0\u00bb da_has_shadow=\u00a0\u00bbon\u00a0\u00bb][et_pb_row _builder_version=\u00a0\u00bb4.25.1&Prime; _module_preset=\u00a0\u00bbdefault\u00a0\u00bb width=\u00a0\u00bb60%\u00a0\u00bb global_colors_info=\u00a0\u00bb{}\u00a0\u00bb][et_pb_column type=\u00a0\u00bb4_4&Prime; _builder_version=\u00a0\u00bb4.25.1&Prime; _module_preset=\u00a0\u00bbdefault\u00a0\u00bb global_colors_info=\u00a0\u00bb{}\u00a0\u00bb][et_pb_text _builder_version=\u00a0\u00bb4.27.4&Prime; _module_preset=\u00a0\u00bbdefault\u00a0\u00bb header_2_text_color=\u00a0\u00bb#002856&Prime; header_3_text_color=\u00a0\u00bb#002856&Prime; header_3_line_height=\u00a0\u00bb1.4em\u00a0\u00bb hover_enabled=\u00a0\u00bb0&Prime; locked=\u00a0\u00bboff\u00a0\u00bb global_colors_info=\u00a0\u00bb{}\u00a0\u00bb sticky_enabled=\u00a0\u00bb0&Prime;]<\/p>\n<p>Ce site internet est \u00e9dit\u00e9 par Berney Associ\u00e9s SA, une soci\u00e9t\u00e9 anonyme suisse au capital de CHF 500&rsquo;000, situ\u00e9e \u00e0 la rue du Nant 8, \u00e0 Gen\u00e8ve.<\/p>\n<p>&nbsp;<\/p>\n<h3>H\u00e9bergeur<\/h3>\n<p>Le pr\u00e9sent site est h\u00e9berg\u00e9 par la soci\u00e9t\u00e9 Infomaniak Network SA, rue Eug\u00e8ne-Marziano 25, 1227 Gen\u00e8ve, Suisse.<\/p>\n<p>&nbsp;<\/p>\n<h3>Inscriptions et agr\u00e9ments<\/h3>\n<ul>\n<li>Berney Associ\u00e9s SA, Gen\u00e8ve (CHE-359.590.155)<br \/><span>\u00a0<\/span>Berney Associ\u00e9s SA, succursale de Lausanne (CHE-176.313.696)<br \/><span>\u00a0<\/span>Berney Associ\u00e9s Audit SA, Gen\u00e8ve (CHE-102.136.421) n\u00b0\u00a0ASR 501382<br \/><span>\u00a0<\/span>Berney Associ\u00e9s Audit SA, succursale de Lausanne (CHE-432.420.242)<br \/><span>\u00a0<\/span>Berney Associ\u00e9s Audit SA, succursale du Valais (CHE-132.196.103)<br \/><span>\u00a0<\/span>Berney Associ\u00e9s Fribourg SA, Fribourg (CHE-103.197.046)<br \/><span>\u00a0<\/span>Berney Associ\u00e9s Nyon SA, Nyon (CHE-428.416.071)<br \/><span>\u00a0<\/span>Ofisa Berney Associ\u00e9s SA, Lausanne (CHE-105.764.401)<\/li>\n<\/ul>\n<p>&nbsp;<\/p>\n<p>Pour toute question relative \u00e0 nos mentions l\u00e9gales :\u00a0info@berneyassocies.com<\/p>\n<p>[\/et_pb_text][\/et_pb_column][\/et_pb_row][\/et_pb_section]<\/p>\n","protected":false},"excerpt":{"rendered":"<p>Ce site internet est \u00e9dit\u00e9 par Berney Associ\u00e9s SA, une soci\u00e9t\u00e9 anonyme suisse au capital de CHF 500&rsquo;000, situ\u00e9e \u00e0 la rue du Nant 8, \u00e0 Gen\u00e8ve. &nbsp; H\u00e9bergeur Le pr\u00e9sent site est h\u00e9berg\u00e9 par la soci\u00e9t\u00e9 Infomaniak Network SA, rue Eug\u00e8ne-Marziano 25, 1227 Gen\u00e8ve, Suisse. &nbsp; Inscriptions et agr\u00e9ments Berney Associ\u00e9s SA, Gen\u00e8ve (CHE-359.590.155)\u00a0Berney [&hellip;]<\/p>\n","protected":false},"author":2,"featured_media":0,"parent":0,"menu_order":0,"comment_status":"closed","ping_status":"closed","template":"","meta":{"_acf_changed":false,"_et_pb_use_builder":"on","_et_pb_old_content":"","_et_gb_content_width":"","inline_featured_image":false,"footnotes":"","_links_to":"","_links_to_target":""},"class_list":["post-237145","page","type-page","status-publish","format-standard","hentry"],"acf":[],"yoast_head":"<!-- This site is optimized with the Yoast SEO plugin v27.3 - https:\/\/yoast.com\/product\/yoast-seo-wordpress\/ -->\n<title>Mentions l\u00e9gales - Berney Associ\u00e9s SA<\/title>\n<meta name=\"description\" content=\"Nous accompagnons nos clients dans la r\u00e9ussite de leurs affaires, de g\u00e9n\u00e9ration en g\u00e9n\u00e9ration. Berney Associ\u00e9s, fiduciaire en Suisse romande. D\u00e9couvrez tous nos services sur mesure.\" \/>\n<meta name=\"robots\" content=\"noindex, follow\" \/>\n<meta property=\"og:locale\" content=\"en_GB\" \/>\n<meta property=\"og:type\" content=\"article\" \/>\n<meta property=\"og:title\" content=\"Mentions l\u00e9gales - Berney Associ\u00e9s SA\" \/>\n<meta property=\"og:description\" content=\"Nous accompagnons nos clients dans la r\u00e9ussite de leurs affaires, de g\u00e9n\u00e9ration en g\u00e9n\u00e9ration. Berney Associ\u00e9s, fiduciaire en Suisse romande. D\u00e9couvrez tous nos services sur mesure.\" \/>\n<meta property=\"og:url\" content=\"https:\/\/berneyassocies.com\/en\/wp-json\/wp\/v2\/pages\/237145\" \/>\n<meta property=\"og:site_name\" content=\"Berney Associ\u00e9s SA\" \/>\n<meta property=\"article:modified_time\" content=\"2025-10-08T12:57:21+00:00\" \/>\n<meta property=\"og:image\" content=\"https:\/\/berneyassocies.com\/wp-content\/uploads\/2024\/05\/berney-associes-fiduciaire-suisse-romande-Accueil-003.webp\" \/>\n\t<meta property=\"og:image:width\" content=\"635\" \/>\n\t<meta property=\"og:image:height\" content=\"800\" \/>\n\t<meta property=\"og:image:type\" content=\"image\/webp\" \/>\n<meta name=\"twitter:card\" content=\"summary_large_image\" \/>\n<meta name=\"twitter:label1\" content=\"Estimated reading time\" \/>\n\t<meta name=\"twitter:data1\" content=\"1 minute\" \/>\n<script type=\"application\/ld+json\" class=\"yoast-schema-graph\">{\"@context\":\"https:\\\/\\\/schema.org\",\"@graph\":[{\"@type\":\"WebPage\",\"@id\":\"https:\\\/\\\/berneyassocies.com\\\/mentions-legales\\\/\",\"url\":\"https:\\\/\\\/berneyassocies.com\\\/mentions-legales\\\/\",\"name\":\"Mentions l\u00e9gales - Berney Associ\u00e9s SA\",\"isPartOf\":{\"@id\":\"https:\\\/\\\/berneyassocies.com\\\/#website\"},\"datePublished\":\"2024-06-05T15:15:43+00:00\",\"dateModified\":\"2025-10-08T12:57:21+00:00\",\"description\":\"Nous accompagnons nos clients dans la r\u00e9ussite de leurs affaires, de g\u00e9n\u00e9ration en g\u00e9n\u00e9ration. Berney Associ\u00e9s, fiduciaire en Suisse romande. D\u00e9couvrez tous nos services sur mesure.\",\"inLanguage\":\"en-GB\",\"potentialAction\":[{\"@type\":\"ReadAction\",\"target\":[\"https:\\\/\\\/berneyassocies.com\\\/mentions-legales\\\/\"]}]},{\"@type\":\"WebSite\",\"@id\":\"https:\\\/\\\/berneyassocies.com\\\/#website\",\"url\":\"https:\\\/\\\/berneyassocies.com\\\/\",\"name\":\"Berney Associ\u00e9s SA\",\"description\":\"Votre fiduciaire en Suisse romande\",\"publisher\":{\"@id\":\"https:\\\/\\\/berneyassocies.com\\\/#organization\"},\"alternateName\":\"Votre fiduciaire en Suisse romande\",\"potentialAction\":[{\"@type\":\"SearchAction\",\"target\":{\"@type\":\"EntryPoint\",\"urlTemplate\":\"https:\\\/\\\/berneyassocies.com\\\/?s={search_term_string}\"},\"query-input\":{\"@type\":\"PropertyValueSpecification\",\"valueRequired\":true,\"valueName\":\"search_term_string\"}}],\"inLanguage\":\"en-GB\"},{\"@type\":\"Organization\",\"@id\":\"https:\\\/\\\/berneyassocies.com\\\/#organization\",\"name\":\"Berney Associ\u00e9s SA\",\"alternateName\":\"Votre fiduciaire en Suisse romande\",\"url\":\"https:\\\/\\\/berneyassocies.com\\\/\",\"logo\":{\"@type\":\"ImageObject\",\"inLanguage\":\"en-GB\",\"@id\":\"https:\\\/\\\/berneyassocies.com\\\/#\\\/schema\\\/logo\\\/image\\\/\",\"url\":\"https:\\\/\\\/berneyassocies.com\\\/wp-content\\\/uploads\\\/2025\\\/05\\\/Berney-Associes-Votre-Fiduciaire-en-Suisse-Romande.png\",\"contentUrl\":\"https:\\\/\\\/berneyassocies.com\\\/wp-content\\\/uploads\\\/2025\\\/05\\\/Berney-Associes-Votre-Fiduciaire-en-Suisse-Romande.png\",\"width\":1200,\"height\":628,\"caption\":\"Berney Associ\u00e9s SA\"},\"image\":{\"@id\":\"https:\\\/\\\/berneyassocies.com\\\/#\\\/schema\\\/logo\\\/image\\\/\"},\"sameAs\":[\"https:\\\/\\\/www.linkedin.com\\\/company\\\/berney-associ-s\\\/?originalSubdomain=fr\",\"https:\\\/\\\/www.instagram.com\\\/berneyassocies\\\/\",\"https:\\\/\\\/www.youtube.com\\\/channel\\\/UCRPy3E8GsTbCeg0qWpCmkpw\"]}]}<\/script>\n<!-- \/ Yoast SEO plugin. -->","yoast_head_json":{"title":"Legal information - Berney Associ\u00e9s SA","description":"We support our clients in the success of their business, from generation to generation. Berney Associ\u00e9s, fiduciary in French-speaking Switzerland. Discover all our tailor-made services.","robots":{"index":"noindex","follow":"follow"},"og_locale":"en_GB","og_type":"article","og_title":"Mentions l\u00e9gales - Berney Associ\u00e9s SA","og_description":"Nous accompagnons nos clients dans la r\u00e9ussite de leurs affaires, de g\u00e9n\u00e9ration en g\u00e9n\u00e9ration. Berney Associ\u00e9s, fiduciaire en Suisse romande. D\u00e9couvrez tous nos services sur mesure.","og_url":"https:\/\/berneyassocies.com\/en\/wp-json\/wp\/v2\/pages\/237145","og_site_name":"Berney Associ\u00e9s SA","article_modified_time":"2025-10-08T12:57:21+00:00","og_image":[{"width":635,"height":800,"url":"https:\/\/berneyassocies.com\/wp-content\/uploads\/2024\/05\/berney-associes-fiduciaire-suisse-romande-Accueil-003.webp","type":"image\/webp"}],"twitter_card":"summary_large_image","twitter_misc":{"Estimated reading time":"1 minute"},"schema":{"@context":"https:\/\/schema.org","@graph":[{"@type":"WebPage","@id":"https:\/\/berneyassocies.com\/mentions-legales\/","url":"https:\/\/berneyassocies.com\/mentions-legales\/","name":"Legal information - Berney Associ\u00e9s SA","isPartOf":{"@id":"https:\/\/berneyassocies.com\/#website"},"datePublished":"2024-06-05T15:15:43+00:00","dateModified":"2025-10-08T12:57:21+00:00","description":"We support our clients in the success of their business, from generation to generation. Berney Associ\u00e9s, fiduciary in French-speaking Switzerland. Discover all our tailor-made services.","inLanguage":"en-GB","potentialAction":[{"@type":"ReadAction","target":["https:\/\/berneyassocies.com\/mentions-legales\/"]}]},{"@type":"WebSite","@id":"https:\/\/berneyassocies.com\/#website","url":"https:\/\/berneyassocies.com\/","name":"Berney Associ\u00e9s SA","description":"Your trust company in French-speaking Switzerland","publisher":{"@id":"https:\/\/berneyassocies.com\/#organization"},"alternateName":"Votre fiduciaire en Suisse romande","potentialAction":[{"@type":"SearchAction","target":{"@type":"EntryPoint","urlTemplate":"https:\/\/berneyassocies.com\/?s={search_term_string}"},"query-input":{"@type":"PropertyValueSpecification","valueRequired":true,"valueName":"search_term_string"}}],"inLanguage":"en-GB"},{"@type":"Organization","@id":"https:\/\/berneyassocies.com\/#organization","name":"Berney Associ\u00e9s SA","alternateName":"Votre fiduciaire en Suisse romande","url":"https:\/\/berneyassocies.com\/","logo":{"@type":"ImageObject","inLanguage":"en-GB","@id":"https:\/\/berneyassocies.com\/#\/schema\/logo\/image\/","url":"https:\/\/berneyassocies.com\/wp-content\/uploads\/2025\/05\/Berney-Associes-Votre-Fiduciaire-en-Suisse-Romande.png","contentUrl":"https:\/\/berneyassocies.com\/wp-content\/uploads\/2025\/05\/Berney-Associes-Votre-Fiduciaire-en-Suisse-Romande.png","width":1200,"height":628,"caption":"Berney Associ\u00e9s SA"},"image":{"@id":"https:\/\/berneyassocies.com\/#\/schema\/logo\/image\/"},"sameAs":["https:\/\/www.linkedin.com\/company\/berney-associ-s\/?originalSubdomain=fr","https:\/\/www.instagram.com\/berneyassocies\/","https:\/\/www.youtube.com\/channel\/UCRPy3E8GsTbCeg0qWpCmkpw"]}]}},"_links":{"self":[{"href":"https:\/\/berneyassocies.com\/en\/wp-json\/wp\/v2\/pages\/237145","targetHints":{"allow":["GET"]}}],"collection":[{"href":"https:\/\/berneyassocies.com\/en\/wp-json\/wp\/v2\/pages"}],"about":[{"href":"https:\/\/berneyassocies.com\/en\/wp-json\/wp\/v2\/types\/page"}],"author":[{"embeddable":true,"href":"https:\/\/berneyassocies.com\/en\/wp-json\/wp\/v2\/users\/2"}],"replies":[{"embeddable":true,"href":"https:\/\/berneyassocies.com\/en\/wp-json\/wp\/v2\/comments?post=237145"}],"version-history":[{"count":8,"href":"https:\/\/berneyassocies.com\/en\/wp-json\/wp\/v2\/pages\/237145\/revisions"}],"predecessor-version":[{"id":242572,"href":"https:\/\/berneyassocies.com\/en\/wp-json\/wp\/v2\/pages\/237145\/revisions\/242572"}],"wp:attachment":[{"href":"https:\/\/berneyassocies.com\/en\/wp-json\/wp\/v2\/media?parent=237145"}],"curies":[{"name":"wp","href":"https:\/\/api.w.org\/{rel}","templated":true}]}}